{"id":9,"date":"2019-09-30T09:23:11","date_gmt":"2019-09-30T13:23:11","guid":{"rendered":"https:\/\/www.transport-louiscyr.com\/?page_id=9"},"modified":"2020-04-29T10:11:18","modified_gmt":"2020-04-29T14:11:18","slug":"demenagement","status":"publish","type":"page","link":"https:\/\/www.transport-louiscyr.com\/fr\/demenagement\/","title":{"rendered":"D\u00e9m\u00e9nagement"},"content":{"rendered":"<section class=\"top_container demenagement\">\n<div class=\"container\">\n<div class=\"row justify-content-center align-items-center\">\n<div class=\"col-auto\">\n<div class=\"h1_div text-center\">\n<div class=\"lc-block\">\n<div editable=\"rich\">\n<h1><strong>Profitez de nos services de d\u00e9m\u00e9nagement<\/strong> si vous \u00eates \u00e0 Joliette ou aux alentours<\/h1>\n<\/p><\/div>\n<\/p><\/div>\n<p><!-- \/lc-block --><\/p>\n<div class=\"lc-block\">\n<div lc-helper=\"shortcode\" class=\"live-shortcode\"><a href=\"https:\/\/www.transport-louiscyr.com\/fr\/nous-joindre\/\" class=\"btn contact\">Estimation gratuite<\/a><\/div>\n<\/p><\/div>\n<p><!-- \/lc-block -->\n\t\t\t\t<\/div>\n<p><!-- \/col -->\n\t\t\t<\/div>\n<\/p><\/div>\n<\/p><\/div>\n<\/section>\n<section class=\"main_container\">\n<div lc-helper=\"shortcode\" class=\"live-shortcode\"><button class=\"more d-lg-none collapsed\" data-toggle=\"collapse\" data-target=\"#main-container\" aria-expanded=\"false\" aria-controls=\"main-container\">\u00c0 propos<\/button><\/div>\n<div class=\"container collapse panel-collapse\" id=\"main-container\">\n<div class=\"row\">\n<div class=\"col-lg-7\">\n<div class=\"lc-block\">\n<div lc-helper=\"shortcode\" class=\"live-shortcode\"><div class=\"sharethis-inline-share-buttons mt-4 mt-lg-5 mb-4\"><\/div><\/div>\n<\/p><\/div>\n<p><!-- \/lc-block --><\/p>\n<div class=\"lc-block maintext demenagement\">\n<div editable=\"rich\">\n<h2>Si vous pr\u00e9voyez un d\u00e9m\u00e9nagement dans la r\u00e9gion de Joliette ou aux alentours, contactez-nous d\u00e8s aujourd\u2019hui<\/h2>\n<p>Notre entreprise sp\u00e9cialis\u00e9e en d\u00e9m\u00e9nagement se fera un plaisir de vous aider lors de vos d\u00e9placements. Quelle que soit la cause, que ce soit un d\u00e9m\u00e9nagement commercial ou r\u00e9sidentiel, nous avons les experts et le mat\u00e9riel n\u00e9cessaire pour vous aider.&nbsp;<\/p>\n<p>Les d\u00e9m\u00e9nagements peuvent \u00eatre stressants donc il est toujours b\u00e9n\u00e9fique d\u2019obtenir de l\u2019aide. Pour cela, il n\u2019y a rien de mieux que de savoir que vous \u00eates aid\u00e9s par des professionnels qui prendront bien soin de vos biens. En effet nous mettons \u00e0 votre disposition notre \u00e9quipe et notre mat\u00e9riel hors pair pour vous aider dans vos d\u00e9marches.<\/p>\n<img decoding=\"async\" src=\"https:\/\/www.transport-louiscyr.com\/wp-content\/themes\/yannickweb-child\/assets\/images\/entree.jpg\" class=\"d-none d-lg-block\" alt=\"\" \/>\n<p>Nous ne nous chargeons pas uniquement de transporter vos affaires d\u2019un point A \u00e0 un point B, mais nous allons au-del\u00e0 de \u00e7a. Notre \u00e9quipe s\u2019assure que vous ayez la meilleure exp\u00e9rience client possible.&nbsp;<\/p>\n<p>Pour cela, nous offrons des services de pr\u00e9emballage et des protections uniques pour tous vos objets: couvertures, couvre-plancher, sacs \u00e0 matelas, couvre plancher, etc. Nous enveloppons aussi vos objets fragiles, assemblons ou d\u00e9sassemblons les meubles qui n\u00e9cessitent une attention particuli\u00e8re, proposons aussi l\u2019option de transporter vos v\u00e9hicules. Tout cela est mis en place dans le but de vous servir et vous apporter notre aide. En effet, le service est notre point fort, car votre satisfaction est notre priorit\u00e9.&nbsp;<\/p>\n<p>Les avantages de faire affaire nous ne s\u2019arr\u00eatent pas l\u00e0! Nous fournissons aussi des assurances compl\u00e8tes pour vos biens et nos trajets ne se font pas uniquement localement. Nous vous offrons la possibilit\u00e9 de b\u00e9n\u00e9ficier de nos services sur de longues distances, que ce soit r\u00e9sidentiel ou commercial. Nous tenons aussi \u00e0 accommoder tous nos clients en offrant la possibilit\u00e9 d\u2019avoir un prix fixe ou un tarif \u00e0 l\u2019heure.<\/p>\n<p>Confiez la t\u00e2che \u00e0 des d\u00e9m\u00e9nageurs comp\u00e9tents! <a href=\"https:\/\/www.transport-louiscyr.com\/fr\/nous-joindre\/\" class=\"\">Contactez-nous d\u00e8s aujourd\u2019hui<\/a>.<\/p>\n<\/p><\/div>\n<\/p><\/div>\n<p><!-- \/lc-block -->\n\t\t\t<\/div>\n<p><!-- \/col --><\/p>\n<div class=\"col-lg-5\">\n<div class=\"mainright\">\n<div class=\"lc-block\">\n<div editable=\"rich\">\n<h3>Nos services viennent avec plusieurs avantages tels que&nbsp;:&nbsp;<\/h3>\n<\/p>\n<ul>\n<li>Service de pr\u00e9-emballage<\/li>\n<li>Couverture de d\u00e9m\u00e9nagement illimit\u00e9 gratuite<\/li>\n<li>Couvre plancher<\/li>\n<li>Sac \u00e0 matelas<\/li>\n<li>\u00ab\u00a0Wrapping\u00a0\u00bb \u00e0 sofa<\/li>\n<li>Service de palentage<\/li>\n<li>Assemblage et d\u00e9ssemblage de meubles<\/li>\n<li>Transport de vos v\u00e9hicules<\/li>\n<li>Camion et remorque 18 pi\/20 pi\/26 pi\/32 pi<\/li>\n<li>Remorque ferm\u00e9e 12 pi\/26 pi<\/li>\n<li>Assurance compl\u00e8te pour vos biens inclus&nbsp;&nbsp;<\/li>\n<\/ul>\n<\/p><\/div>\n<\/p><\/div>\n<p><!-- \/lc-block --><\/p>\n<div class=\"lc-block\">\n<div lc-helper=\"shortcode\" class=\"live-shortcode\"><a href=\"https:\/\/www.transport-louiscyr.com\/fr\/nous-joindre\/\" class=\"btn contact\">Contactez-nous d\u00e8s maintenant<\/a><\/div>\n<\/p><\/div>\n<p><!-- \/lc-block -->\n\t\t\t\t<\/div>\n<\/p><\/div>\n<p><!-- \/col -->\n\t\t<\/div>\n<\/p><\/div>\n<\/section>\n<section class=\"services_container\">\n<div lc-helper=\"shortcode\" class=\"live-shortcode\"><button class=\"more d-lg-none collapsed\" data-toggle=\"collapse\" data-target=\"#services-container\" aria-expanded=\"false\" aria-controls=\"services-container\">Services<\/button><\/div>\n<div class=\"container collapse panel-collapse\" id=\"services-container\">\n<div class=\"row align-items-end\">\n<div class=\"col-xl-5 order-last order-xl-first\">\n<div class=\"lc-block liste_services\">\n<div editable=\"rich\">\n<h3>Services offerts :<\/h3>\n<\/p>\n<ul>\n<li>D\u00e9m\u00e9nagement<\/li>\n<li>Livraison<\/li>\n<li>Entreposage de piano<\/li>\n<\/ul>\n<a href=\"https:\/\/www.transport-louiscyr.com\/fr\/nous-joindre\/\" class=\"btn contact\">Estimation gratuite<\/a>\n<\/p><\/div>\n<\/p><\/div>\n<p><!-- \/lc-block -->\n\t\t\t<\/div>\n<p><!-- \/col --><\/p>\n<div class=\"col-xl-7 order-first order-xl-last\">\n<div class=\"lc-block maintext2 demenagement\">\n<div editable=\"rich\">\n<h4>Vous \u00eates \u00e0 la recherche d\u2019un service de d\u00e9m\u00e9nagement efficace? Transport Louis Cyr est la r\u00e9f\u00e9rence \u00e0 Joliette et aux alentours.<\/h4>\n<p>Nous vous proposons des services de d\u00e9m\u00e9nagements de haute qualit\u00e9 \u00e0 Joliette et dans les environs. Avoir une \u00e9quipe efficace \u00e0 vos c\u00f4t\u00e9s peut grandement faciliter le processus de d\u00e9m\u00e9nagement qui peut \u00eatre stressant et fatigant. Notre mission principale est de vous faciliter la t\u00e2che du mieux possible et c\u2019est pour cela que nous vous incitons \u00e0 confier la t\u00e2che \u00e0 des professionnels exp\u00e9riment\u00e9s. Nous ne nous contentons pas seulement de d\u00e9placer vos affaires d\u2019un endroit \u00e0 l\u2019autre, mais nous vous aidons aussi avec l\u2019emballage, l\u2019entreposage, la protection, l\u2019assemblage et le d\u00e9sassemblage de vos meubles si n\u00e9cessaire.<\/p>\n<p>Nos experts sont des professionnels qui se rendent disponibles m\u00eame pour vos d\u00e9m\u00e9nagements de longue distance, sans oublier aucune \u00e9tape. Nous faisons aussi le d\u00e9m\u00e9nagement pour vos voitures, pianos et bien plus.&nbsp;<\/p>\n<p>Pour un service d\u00e9m\u00e9nagement de qualit\u00e9, contactez-nous d\u00e8s aujourd\u2019hui!<\/p>\n<\/p><\/div>\n<\/p><\/div>\n<p><!-- \/lc-block --><\/p>\n<div class=\"lc-block\">\n<div lc-helper=\"shortcode\" class=\"live-shortcode\"><a href=\"https:\/\/www.transport-louiscyr.com\/fr\/nous-joindre\/\" class=\"btn contact\">Communiquez avec nous<\/a><\/div>\n<\/p><\/div>\n<p><!-- \/lc-block -->\n\t\t\t<\/div>\n<p><!-- \/col -->\n\t\t<\/div>\n<\/p><\/div>\n<\/section>\n<section class=\"question_container\">\n<div lc-helper=\"shortcode\" class=\"live-shortcode\"><button class=\"more d-lg-none collapsed\" data-toggle=\"collapse\" data-target=\"#question-container\" aria-expanded=\"false\" aria-controls=\"question-container\">F.A.Q.<\/button><\/div>\n<div class=\"container collapse panel-collapse\" id=\"question-container\">\n<div class=\"row align-items-end\">\n<div class=\"col-xl-8\">\n<div class=\"lc-block paragraphe_keywords demenagement\">\n<div editable=\"rich\">\n<h5>Il y a-t-il des \u00e9tapes \u00e0 suivre avant l\u2019arriv\u00e9e des d\u00e9m\u00e9nageurs?<\/h5>\n<p>Avez-vous fait appel \u00e0 des professionnels pour votre d\u00e9m\u00e9nagement? Faire affaire une \u00e9quipe d\u2019experts vous permettra d\u2019all\u00e9ger le poids d\u2019un d\u00e9m\u00e9nagement, mais il est certes important d&rsquo;\u00eatre pr\u00e9par\u00e9. D\u00e9pendamment de l\u2019entente que vous avez avec votre d\u00e9m\u00e9nageur, il est important d\u2019\u00eatre le plus organis\u00e9 possible afin que le processus soit facile et agr\u00e9able, pour les d\u00e9m\u00e9nageurs et vous-m\u00eame. Il est important de ranger vos affaires, d\u2019avoir un inventaire complet de vos objets, de ranger et nettoyer, le but \u00e9tant d\u2019\u00eatre le plus organis\u00e9 possible.&nbsp;Vous pouvez aussi indiquer ce qui est fragile pour leur faciliter la t\u00e2che, s\u00e9parer les choses par pi\u00e8ce. Bref, tout ce qui peut simplifier le processus.&nbsp;<\/p>\n<p>Si vous \u00eates \u00e0 Joliette ou aux alentours et planifiez un d\u00e9m\u00e9nagement local ou de longue distance, Transport Louis Cyr est la r\u00e9f\u00e9rence.<\/p>\n<a href=\"https:\/\/www.transport-louiscyr.com\/fr\/nous-joindre\/\" class=\"\">Pour plus d\u2019informations ou une demande de soumission, veuillez nous contacter d\u00e8s aujourd\u2019hui<\/a>\n<\/p><\/div>\n<\/p><\/div>\n<p><!-- \/lc-block -->\n\t\t\t<\/div>\n<p><!-- \/col --><\/p>\n<div class=\"col-md-4 d-none d-xl-block\">\n<div class=\"lc-block\">\n\t\t\t\t\t<img decoding=\"async\" class=\"img-fluid question-img\" src=\"https:\/\/www.transport-louiscyr.com\/wp-content\/uploads\/2019\/09\/question-img.jpg\" alt=\"\">\n\t\t\t\t<\/div>\n<p><!-- \/lc-block -->\n\t\t\t<\/div>\n<p><!-- \/col -->\n\t\t<\/div>\n<\/p><\/div>\n<\/section>\n","protected":false},"excerpt":{"rendered":"<p>Profitez de nos services de d\u00e9m\u00e9nagement si vous \u00eates \u00e0 Joliette ou aux alentours Si vous pr\u00e9voyez un d\u00e9m\u00e9nagement dans la r\u00e9gion de Joliette ou aux alentours, contactez-nous d\u00e8s aujourd\u2019hui Notre entreprise sp\u00e9cialis\u00e9e en d\u00e9m\u00e9nagement se fera un plaisir de vous aider lors de vos d\u00e9placements. Quelle que soit la cause, que ce soit un [&hellip;]<\/p>\n","protected":false},"author":1,"featured_media":0,"parent":0,"menu_order":0,"comment_status":"closed","ping_status":"closed","template":"page-templates\/empty.php","meta":{"footnotes":""},"class_list":["post-9","page","type-page","status-publish","hentry"],"yoast_head":"<!-- This site is optimized with the Yoast SEO plugin v27.2 - https:\/\/yoast.com\/product\/yoast-seo-wordpress\/ -->\n<title>Transport Louis Cyr | Service de d\u00e9m\u00e9nagement \u00e0 Joliette<\/title>\n<meta name=\"description\" content=\"Transport Louis Cyr | Pour tous vos services de d\u00e9m\u00e9nagement \u00e0 Joliette ou aux alentours, nous vous invitons \u00e0 nous contacter et il nous fera plaisir de vous aider\" \/>\n<meta name=\"robots\" content=\"index, follow, max-snippet:-1, max-image-preview:large, max-video-preview:-1\" \/>\n<link rel=\"canonical\" href=\"https:\/\/www.transport-louiscyr.com\/fr\/demenagement\/\" \/>\n<meta property=\"og:locale\" content=\"fr_FR\" \/>\n<meta property=\"og:type\" content=\"article\" \/>\n<meta property=\"og:title\" content=\"Transport Louis Cyr | Service de d\u00e9m\u00e9nagement \u00e0 Joliette\" \/>\n<meta property=\"og:description\" content=\"Transport Louis Cyr | Pour tous vos services de d\u00e9m\u00e9nagement \u00e0 Joliette ou aux alentours, nous vous invitons \u00e0 nous contacter et il nous fera plaisir de vous aider\" \/>\n<meta property=\"og:url\" content=\"https:\/\/www.transport-louiscyr.com\/fr\/demenagement\/\" \/>\n<meta property=\"og:site_name\" content=\"Transport Louis Cyr\" \/>\n<meta property=\"article:modified_time\" content=\"2020-04-29T14:11:18+00:00\" \/>\n<meta property=\"og:image\" content=\"https:\/\/www.transport-louiscyr.com\/wp-content\/uploads\/2019\/09\/question-img.jpg\" \/>\n<meta name=\"twitter:card\" content=\"summary_large_image\" \/>\n<meta name=\"twitter:label1\" content=\"Dur\u00e9e de lecture estim\u00e9e\" \/>\n\t<meta name=\"twitter:data1\" content=\"5 minutes\" \/>\n<script type=\"application\/ld+json\" class=\"yoast-schema-graph\">{\"@context\":\"https:\/\/schema.org\",\"@graph\":[{\"@type\":\"WebPage\",\"@id\":\"https:\/\/www.transport-louiscyr.com\/fr\/demenagement\/\",\"url\":\"https:\/\/www.transport-louiscyr.com\/fr\/demenagement\/\",\"name\":\"Transport Louis Cyr | Service de d\u00e9m\u00e9nagement \u00e0 Joliette\",\"isPartOf\":{\"@id\":\"https:\/\/www.transport-louiscyr.com\/fr\/#website\"},\"primaryImageOfPage\":{\"@id\":\"https:\/\/www.transport-louiscyr.com\/fr\/demenagement\/#primaryimage\"},\"image\":{\"@id\":\"https:\/\/www.transport-louiscyr.com\/fr\/demenagement\/#primaryimage\"},\"thumbnailUrl\":\"https:\/\/www.transport-louiscyr.com\/wp-content\/uploads\/2019\/09\/question-img.jpg\",\"datePublished\":\"2019-09-30T13:23:11+00:00\",\"dateModified\":\"2020-04-29T14:11:18+00:00\",\"description\":\"Transport Louis Cyr | Pour tous vos services de d\u00e9m\u00e9nagement \u00e0 Joliette ou aux alentours, nous vous invitons \u00e0 nous contacter et il nous fera plaisir de vous aider\",\"breadcrumb\":{\"@id\":\"https:\/\/www.transport-louiscyr.com\/fr\/demenagement\/#breadcrumb\"},\"inLanguage\":\"fr-FR\",\"potentialAction\":[{\"@type\":\"ReadAction\",\"target\":[\"https:\/\/www.transport-louiscyr.com\/fr\/demenagement\/\"]}]},{\"@type\":\"ImageObject\",\"inLanguage\":\"fr-FR\",\"@id\":\"https:\/\/www.transport-louiscyr.com\/fr\/demenagement\/#primaryimage\",\"url\":\"https:\/\/www.transport-louiscyr.com\/wp-content\/uploads\/2019\/09\/question-img.jpg\",\"contentUrl\":\"https:\/\/www.transport-louiscyr.com\/wp-content\/uploads\/2019\/09\/question-img.jpg\"},{\"@type\":\"BreadcrumbList\",\"@id\":\"https:\/\/www.transport-louiscyr.com\/fr\/demenagement\/#breadcrumb\",\"itemListElement\":[{\"@type\":\"ListItem\",\"position\":1,\"name\":\"Home\",\"item\":\"https:\/\/www.transport-louiscyr.com\/fr\/\"},{\"@type\":\"ListItem\",\"position\":2,\"name\":\"D\u00e9m\u00e9nagement\"}]},{\"@type\":\"WebSite\",\"@id\":\"https:\/\/www.transport-louiscyr.com\/fr\/#website\",\"url\":\"https:\/\/www.transport-louiscyr.com\/fr\/\",\"name\":\"Transport Louis Cyr\",\"description\":\"\",\"publisher\":{\"@id\":\"https:\/\/www.transport-louiscyr.com\/fr\/#organization\"},\"potentialAction\":[{\"@type\":\"SearchAction\",\"target\":{\"@type\":\"EntryPoint\",\"urlTemplate\":\"https:\/\/www.transport-louiscyr.com\/fr\/?s={search_term_string}\"},\"query-input\":{\"@type\":\"PropertyValueSpecification\",\"valueRequired\":true,\"valueName\":\"search_term_string\"}}],\"inLanguage\":\"fr-FR\"},{\"@type\":\"Organization\",\"@id\":\"https:\/\/www.transport-louiscyr.com\/fr\/#organization\",\"name\":\"Transport Louis Cyr\",\"url\":\"https:\/\/www.transport-louiscyr.com\/fr\/\",\"logo\":{\"@type\":\"ImageObject\",\"inLanguage\":\"fr-FR\",\"@id\":\"https:\/\/www.transport-louiscyr.com\/fr\/#\/schema\/logo\/image\/\",\"url\":\"https:\/\/www.transport-louiscyr.com\/wp-content\/uploads\/2019\/09\/logo.jpg\",\"contentUrl\":\"https:\/\/www.transport-louiscyr.com\/wp-content\/uploads\/2019\/09\/logo.jpg\",\"width\":381,\"height\":188,\"caption\":\"Transport Louis Cyr\"},\"image\":{\"@id\":\"https:\/\/www.transport-louiscyr.com\/fr\/#\/schema\/logo\/image\/\"}}]}<\/script>\n<!-- \/ Yoast SEO plugin. -->","yoast_head_json":{"title":"Transport Louis Cyr | Service de d\u00e9m\u00e9nagement \u00e0 Joliette","description":"Transport Louis Cyr | Pour tous vos services de d\u00e9m\u00e9nagement \u00e0 Joliette ou aux alentours, nous vous invitons \u00e0 nous contacter et il nous fera plaisir de vous aider","robots":{"index":"index","follow":"follow","max-snippet":"max-snippet:-1","max-image-preview":"max-image-preview:large","max-video-preview":"max-video-preview:-1"},"canonical":"https:\/\/www.transport-louiscyr.com\/fr\/demenagement\/","og_locale":"fr_FR","og_type":"article","og_title":"Transport Louis Cyr | Service de d\u00e9m\u00e9nagement \u00e0 Joliette","og_description":"Transport Louis Cyr | Pour tous vos services de d\u00e9m\u00e9nagement \u00e0 Joliette ou aux alentours, nous vous invitons \u00e0 nous contacter et il nous fera plaisir de vous aider","og_url":"https:\/\/www.transport-louiscyr.com\/fr\/demenagement\/","og_site_name":"Transport Louis Cyr","article_modified_time":"2020-04-29T14:11:18+00:00","og_image":[{"url":"https:\/\/www.transport-louiscyr.com\/wp-content\/uploads\/2019\/09\/question-img.jpg","type":"","width":"","height":""}],"twitter_card":"summary_large_image","twitter_misc":{"Dur\u00e9e de lecture estim\u00e9e":"5 minutes"},"schema":{"@context":"https:\/\/schema.org","@graph":[{"@type":"WebPage","@id":"https:\/\/www.transport-louiscyr.com\/fr\/demenagement\/","url":"https:\/\/www.transport-louiscyr.com\/fr\/demenagement\/","name":"Transport Louis Cyr | Service de d\u00e9m\u00e9nagement \u00e0 Joliette","isPartOf":{"@id":"https:\/\/www.transport-louiscyr.com\/fr\/#website"},"primaryImageOfPage":{"@id":"https:\/\/www.transport-louiscyr.com\/fr\/demenagement\/#primaryimage"},"image":{"@id":"https:\/\/www.transport-louiscyr.com\/fr\/demenagement\/#primaryimage"},"thumbnailUrl":"https:\/\/www.transport-louiscyr.com\/wp-content\/uploads\/2019\/09\/question-img.jpg","datePublished":"2019-09-30T13:23:11+00:00","dateModified":"2020-04-29T14:11:18+00:00","description":"Transport Louis Cyr | Pour tous vos services de d\u00e9m\u00e9nagement \u00e0 Joliette ou aux alentours, nous vous invitons \u00e0 nous contacter et il nous fera plaisir de vous aider","breadcrumb":{"@id":"https:\/\/www.transport-louiscyr.com\/fr\/demenagement\/#breadcrumb"},"inLanguage":"fr-FR","potentialAction":[{"@type":"ReadAction","target":["https:\/\/www.transport-louiscyr.com\/fr\/demenagement\/"]}]},{"@type":"ImageObject","inLanguage":"fr-FR","@id":"https:\/\/www.transport-louiscyr.com\/fr\/demenagement\/#primaryimage","url":"https:\/\/www.transport-louiscyr.com\/wp-content\/uploads\/2019\/09\/question-img.jpg","contentUrl":"https:\/\/www.transport-louiscyr.com\/wp-content\/uploads\/2019\/09\/question-img.jpg"},{"@type":"BreadcrumbList","@id":"https:\/\/www.transport-louiscyr.com\/fr\/demenagement\/#breadcrumb","itemListElement":[{"@type":"ListItem","position":1,"name":"Home","item":"https:\/\/www.transport-louiscyr.com\/fr\/"},{"@type":"ListItem","position":2,"name":"D\u00e9m\u00e9nagement"}]},{"@type":"WebSite","@id":"https:\/\/www.transport-louiscyr.com\/fr\/#website","url":"https:\/\/www.transport-louiscyr.com\/fr\/","name":"Transport Louis Cyr","description":"","publisher":{"@id":"https:\/\/www.transport-louiscyr.com\/fr\/#organization"},"potentialAction":[{"@type":"SearchAction","target":{"@type":"EntryPoint","urlTemplate":"https:\/\/www.transport-louiscyr.com\/fr\/?s={search_term_string}"},"query-input":{"@type":"PropertyValueSpecification","valueRequired":true,"valueName":"search_term_string"}}],"inLanguage":"fr-FR"},{"@type":"Organization","@id":"https:\/\/www.transport-louiscyr.com\/fr\/#organization","name":"Transport Louis Cyr","url":"https:\/\/www.transport-louiscyr.com\/fr\/","logo":{"@type":"ImageObject","inLanguage":"fr-FR","@id":"https:\/\/www.transport-louiscyr.com\/fr\/#\/schema\/logo\/image\/","url":"https:\/\/www.transport-louiscyr.com\/wp-content\/uploads\/2019\/09\/logo.jpg","contentUrl":"https:\/\/www.transport-louiscyr.com\/wp-content\/uploads\/2019\/09\/logo.jpg","width":381,"height":188,"caption":"Transport Louis Cyr"},"image":{"@id":"https:\/\/www.transport-louiscyr.com\/fr\/#\/schema\/logo\/image\/"}}]}},"_links":{"self":[{"href":"https:\/\/www.transport-louiscyr.com\/fr\/wp-json\/wp\/v2\/pages\/9","targetHints":{"allow":["GET"]}}],"collection":[{"href":"https:\/\/www.transport-louiscyr.com\/fr\/wp-json\/wp\/v2\/pages"}],"about":[{"href":"https:\/\/www.transport-louiscyr.com\/fr\/wp-json\/wp\/v2\/types\/page"}],"author":[{"embeddable":true,"href":"https:\/\/www.transport-louiscyr.com\/fr\/wp-json\/wp\/v2\/users\/1"}],"replies":[{"embeddable":true,"href":"https:\/\/www.transport-louiscyr.com\/fr\/wp-json\/wp\/v2\/comments?post=9"}],"version-history":[{"count":9,"href":"https:\/\/www.transport-louiscyr.com\/fr\/wp-json\/wp\/v2\/pages\/9\/revisions"}],"predecessor-version":[{"id":154,"href":"https:\/\/www.transport-louiscyr.com\/fr\/wp-json\/wp\/v2\/pages\/9\/revisions\/154"}],"wp:attachment":[{"href":"https:\/\/www.transport-louiscyr.com\/fr\/wp-json\/wp\/v2\/media?parent=9"}],"curies":[{"name":"wp","href":"https:\/\/api.w.org\/{rel}","templated":true}]}}