{"id":2,"date":"2019-09-27T18:36:04","date_gmt":"2019-09-27T18:36:04","guid":{"rendered":"https:\/\/www.transport-louiscyr.com\/?page_id=2"},"modified":"2020-04-29T10:09:14","modified_gmt":"2020-04-29T14:09:14","slug":"page-d-exemple","status":"publish","type":"page","link":"https:\/\/www.transport-louiscyr.com\/fr\/","title":{"rendered":"Accueil"},"content":{"rendered":"<section class=\"top_container\">\n<div class=\"container\">\n<div class=\"row justify-content-center align-items-center\">\n<div class=\"col-auto\">\n<div class=\"h1_div text-center\">\n<div class=\"lc-block\">\n<div editable=\"rich\">\n<h1>\u00c0 Joliette, notre compagnie<br class=\"\"> de transport vous propose des <strong>services de livraison et<br class=\"\"> d\u00e9m\u00e9nagement hors pairs&nbsp;!<\/strong><\/h1>\n<\/p><\/div>\n<\/p><\/div>\n<p><!-- \/lc-block --><\/p>\n<div class=\"lc-block\">\n<div lc-helper=\"shortcode\" class=\"live-shortcode\"><a href=\"https:\/\/www.transport-louiscyr.com\/fr\/nous-joindre\/\" class=\"btn contact\">Estimation gratuite<\/a><\/div>\n<\/p><\/div>\n<p><!-- \/lc-block -->\n\t\t\t\t<\/div>\n<\/p><\/div>\n<p><!-- \/col -->\n\t\t<\/div>\n<\/p><\/div>\n<\/section>\n<section class=\"p-4 \" style=\"background:#313131\">\n<div class=\"container\">\n<div class=\"row\">\n<div class=\"col-md-12\">\n<div class=\"lc-block text-center\" style=\"color:#fff\">\n<div editable=\"rich\">\n<h2>Notre commanditaire <span class=\"d-inline-block\">Jean-Pascal<\/span><\/h2>\n<p>\t\t\t\t\t\t<img decoding=\"async\" src=\"https:\/\/www.transport-louiscyr.com\/wp-content\/uploads\/2019\/11\/jean-pascal-1.jpg\" alt=\"\">\n\t\t\t\t\t<\/div>\n<\/p><\/div>\n<p><!-- \/lc-block -->\n\t\t\t<\/div>\n<p><!-- \/col -->\n\t\t<\/div>\n<\/p><\/div>\n<\/section>\n<section class=\"main_container\">\n<div lc-helper=\"shortcode\" class=\"live-shortcode\"><button class=\"more d-lg-none collapsed\" data-toggle=\"collapse\" data-target=\"#main-container\" aria-expanded=\"false\" aria-controls=\"main-container\">\u00c0 propos<\/button><\/div>\n<div class=\"container collapse panel-collapse\" id=\"main-container\">\n<div class=\"row\">\n<div class=\"col-lg-7\">\n<div class=\"lc-block\">\n<div lc-helper=\"shortcode\" class=\"live-shortcode\"><div class=\"sharethis-inline-share-buttons mt-4 mt-lg-5 mb-4\"><\/div><\/div>\n<\/p><\/div>\n<p><!-- \/lc-block --><\/p>\n<div class=\"lc-block maintext\">\n<div editable=\"rich\">\n<h2>Pour tous vos d\u00e9m\u00e9nagements et livraisons, contactez-nous \u00e0 Joliette<\/h2>\n<p>Nous tenons \u00e0 vous offrir les meilleurs services de livraison et d\u00e9m\u00e9nagement \u00e0 nos clients \u00e0 Joliette et dans les zones environ.&nbsp;<\/p>\n<p>Faire un d\u00e9m\u00e9nagement demande beaucoup de temps et d\u2019efforts, ce qui n\u2019est pas toujours \u00e9vident. Pour cela, nous mettons \u00e0 votre disposition des experts qui se feront un plaisir de vous venir en aide pour faciliter votre processus de d\u00e9m\u00e9nagement au maximum.&nbsp;<\/p>\n<img decoding=\"async\" src=\"https:\/\/www.transport-louiscyr.com\/wp-content\/themes\/yannickweb-child\/assets\/images\/camions.jpg\" class=\"d-none d-lg-block\" alt=\"\" \/>\n<p>En plus d\u2019avoir une \u00e9quipe professionnelle et qualifi\u00e9e, qui s\u2019assure de traiter vos affaires dans les meilleures conditions, vous aurez aussi le privil\u00e8ge de ne devoir vous soucier de rien.<\/p>\n<p>Il est important pour nous de nous assurer que vous recevez le meilleur des services, les d\u00e9m\u00e9nagements \u00e9tant d\u00e9j\u00e0 assez stressants, notre but est avant tout de vous faciliter la vie. Nous travaillons en fonction de vous, en vous offrant la possibilit\u00e9 d\u2019un tarif \u00e0 l\u2019heure ou d\u2019un prix fixe. Nous ne travaillons pas seulement localement, mais nous offrons aussi la possibilit\u00e9 de b\u00e9n\u00e9ficier de nos services pour de longues distances. Nous ne travaillons pas seulement avec les clients r\u00e9sidentiels, mais nous sommes aussi disponibles pour tous vos besoins de d\u00e9m\u00e9nagement commerciaux. En plus d\u2019un travail r\u00e9alis\u00e9 avec excellence et pr\u00e9caution, nous avons aussi des assurances compl\u00e8tes pour tous vos biens.&nbsp;<\/p>\n<p>Il n\u2019y a rien de mieux que de faire affaire avec une compagnie de confiance. Contactez-nous d\u00e8s aujourd\u2019hui pour une <a href=\"https:\/\/www.transport-louiscyr.com\/fr\/nous-joindre\/\" class=\"\">estimation gratuite<\/a>.<\/p>\n<\/p><\/div>\n<\/p><\/div>\n<p><!-- \/lc-block -->\n\t\t\t<\/div>\n<p><!-- \/col --><\/p>\n<div class=\"col-lg-5\">\n<div class=\"mainright\">\n<div class=\"lc-block\">\n<div editable=\"rich\">\n<h3>Nos services viennent avec plusieurs avantages tels que&nbsp;:&nbsp;<\/h3>\n<\/p>\n<ul>\n<li>Service de pr\u00e9-emballage<\/li>\n<li>Couverture de d\u00e9m\u00e9nagement illimit\u00e9 gratuite<\/li>\n<li>Couvre plancher<\/li>\n<li>Sac \u00e0 matelas<\/li>\n<li>\u00ab\u00a0Wrapping\u00a0\u00bb \u00e0 sofa<\/li>\n<li>Service de palentage<\/li>\n<li>Assemblage et d\u00e9ssemblage de meubles<\/li>\n<li>Transport de vos v\u00e9hicules<\/li>\n<li>Camion et remorque 18 pi\/20 pi\/26 pi\/32 pi<\/li>\n<li>Remorque ferm\u00e9e 12 pi\/26 pi<\/li>\n<li>Assurance compl\u00e8te pour vos biens inclus&nbsp;&nbsp;<\/li>\n<\/ul>\n<\/p><\/div>\n<\/p><\/div>\n<p><!-- \/lc-block --><\/p>\n<div class=\"lc-block\">\n<div lc-helper=\"shortcode\" class=\"live-shortcode\"><a href=\"https:\/\/www.transport-louiscyr.com\/fr\/nous-joindre\/\" class=\"btn contact\">Contactez-nous d\u00e8s maintenant<\/a><\/div>\n<\/p><\/div>\n<p><!-- \/lc-block -->\n\t\t\t\t<\/div>\n<\/p><\/div>\n<p><!-- \/col -->\n\t\t<\/div>\n<\/p><\/div>\n<\/section>\n<section class=\"services_container\">\n<div lc-helper=\"shortcode\" class=\"live-shortcode\"><button class=\"more d-lg-none collapsed\" data-toggle=\"collapse\" data-target=\"#services-container\" aria-expanded=\"false\" aria-controls=\"services-container\">Services<\/button><\/div>\n<div class=\"container collapse panel-collapse\" id=\"services-container\">\n<div class=\"row align-items-end\">\n<div class=\"col-xl-5 order-last order-xl-first\">\n<div class=\"lc-block liste_services\">\n<div editable=\"rich\">\n<h3>Services offerts :<\/h3>\n<\/p>\n<ul>\n<li>D\u00e9m\u00e9nagement<\/li>\n<li>Livraison<\/li>\n<li>Entreposage de piano<\/li>\n<\/ul>\n<a href=\"https:\/\/www.transport-louiscyr.com\/fr\/nous-joindre\/\" class=\"btn contact\">Estimation gratuite<\/a>\n<\/p><\/div>\n<\/p><\/div>\n<p><!-- \/lc-block -->\n\t\t\t<\/div>\n<p><!-- \/col --><\/p>\n<div class=\"col-xl-7 order-first order-xl-last\">\n<div class=\"lc-block maintext2\">\n<div editable=\"rich\">\n<h4>Profitez de nos services de d\u00e9m\u00e9nagement et livraison si vous \u00eates \u00e0 Joliette ou dans les environs<\/h4>\n<p>Vous \u00eates \u00e0 Joliette ou aux alentours et planifiez un d\u00e9m\u00e9nagement ou une livraison? Transport Louis Cyr vous propose des services r\u00e9sidentiels et commerciaux de d\u00e9m\u00e9nagement ou de livraison.<\/p>\n<p>Notre \u00e9quipe est dot\u00e9e d\u2019un professionnalisme incomparable dans la r\u00e9gion et notre priorit\u00e9 est de vous offrir le meilleur service et une exp\u00e9rience agr\u00e9able. Nous offrons plusieurs avantages qui vous permettront de vous faire le moins de soucis possible car nous prenons toutes les pr\u00e9cautions pour s\u2019assurer que vos biens soient prot\u00e9g\u00e9s en offrant des emballages, des couverture, couvre-plancher, sacs pour vos matelas et bien plus. Si vous avez des meubles ou des pianos, nous nous arrangeons pour vous accommoder au maximum, soit en d\u00e9sassemblant et assemblant les diff\u00e9rentes pi\u00e8ces.<\/p>\n<p>Pour un service de livraison ou d\u00e9m\u00e9nagement de qualit\u00e9, contactez-nous d\u00e8s aujourd\u2019hui!<\/p>\n<\/p><\/div>\n<\/p><\/div>\n<p><!-- \/lc-block --><\/p>\n<div class=\"lc-block\">\n<div lc-helper=\"shortcode\" class=\"live-shortcode\"><a href=\"https:\/\/www.transport-louiscyr.com\/fr\/nous-joindre\/\" class=\"btn contact\">Communiquez avec nous<\/a><\/div>\n<\/p><\/div>\n<p><!-- \/lc-block -->\n\t\t\t<\/div>\n<p><!-- \/col -->\n\t\t<\/div>\n<\/p><\/div>\n<\/section>\n<section class=\"question_container\">\n<div lc-helper=\"shortcode\" class=\"live-shortcode\"><button class=\"more d-lg-none collapsed\" data-toggle=\"collapse\" data-target=\"#question-container\" aria-expanded=\"false\" aria-controls=\"question-container\">F.A.Q.<\/button><\/div>\n<div class=\"container collapse panel-collapse\" id=\"question-container\">\n<div class=\"row align-items-end\">\n<div class=\"col-xl-8\">\n<div class=\"lc-block paragraphe_keywords\">\n<div editable=\"rich\">\n<h5>Comment prot\u00e9geons-nous vos biens?<\/h5>\n<p>Chez Transport Louis Cyr, nous nous d\u00e9vouons \u00e0 vous offrir un service de d\u00e9m\u00e9nagement et livraison de qualit\u00e9. Que vous soyez \u00e0 Joliette ou aux alentours, notre \u00e9quipe s\u2019assure de vous procurer les meilleurs services, dans de meilleures conditions. Pour ce faire, nous avons mis en place des m\u00e9thodes pour garantir la s\u00e9curit\u00e9 de vos biens, comme mettre \u00e0 votre disposition un service de pr\u00e9emballage, des couvertures pour vos meubles, des couvre plancher, emballages pour le sofa, etc. De plus, nous avons aussi tenu \u00e0 avoir l\u2019option d\u2019une assurance compl\u00e8te pour vos biens qui est incluse dans le forfait.<\/p>\n<p>Faire affaire avec nous vous garantit protection, s\u00e9curit\u00e9 et professionnalisme. Vous pourrez aussi b\u00e9n\u00e9ficier de nos tarifs con\u00e7us juste pour vous, que ce soit un prix fixe ou un tarif horaire, nous saurons vous accommoder.<\/p>\n<a href=\"https:\/\/www.transport-louiscyr.com\/fr\/nous-joindre\/\" class=\"\">Pour plus d\u2019informations ou une demande de soumission, veuillez nous contacter d\u00e8s aujourd\u2019hui<\/a>\n<\/p><\/div>\n<\/p><\/div>\n<p><!-- \/lc-block -->\n\t\t\t<\/div>\n<p><!-- \/col --><\/p>\n<div class=\"col-md-4 d-none d-xl-block\">\n<div class=\"lc-block\">\n\t\t\t\t\t<img decoding=\"async\" class=\"img-fluid question-img\" src=\"https:\/\/www.transport-louiscyr.com\/wp-content\/uploads\/2019\/09\/question-img.jpg\" alt=\"\">\n\t\t\t\t<\/div>\n<p><!-- \/lc-block -->\n\t\t\t<\/div>\n<p><!-- \/col -->\n\t\t<\/div>\n<\/p><\/div>\n<\/section>\n","protected":false},"excerpt":{"rendered":"<p>\u00c0 Joliette, notre compagnie de transport vous propose des services de livraison et d\u00e9m\u00e9nagement hors pairs&nbsp;! Notre commanditaire Jean-Pascal Pour tous vos d\u00e9m\u00e9nagements et livraisons, contactez-nous \u00e0 Joliette Nous tenons \u00e0 vous offrir les meilleurs services de livraison et d\u00e9m\u00e9nagement \u00e0 nos clients \u00e0 Joliette et dans les zones environ.&nbsp; Faire un d\u00e9m\u00e9nagement demande beaucoup [&hellip;]<\/p>\n","protected":false},"author":1,"featured_media":0,"parent":0,"menu_order":0,"comment_status":"closed","ping_status":"open","template":"page-templates\/empty.php","meta":{"footnotes":""},"class_list":["post-2","page","type-page","status-publish","hentry"],"yoast_head":"<!-- This site is optimized with the Yoast SEO plugin v27.2 - https:\/\/yoast.com\/product\/yoast-seo-wordpress\/ -->\n<title>Transport Louis Cyr | D\u00e9m\u00e9nagement et livraison \u00e0 Joliette<\/title>\n<meta name=\"description\" content=\"Transport Louis Cyr | Votre compagnie de transport pour tous vos d\u00e9m\u00e9nagements et livraisons \u00e0 Joliette\" \/>\n<meta name=\"robots\" content=\"index, follow, max-snippet:-1, max-image-preview:large, max-video-preview:-1\" \/>\n<link rel=\"canonical\" href=\"https:\/\/www.transport-louiscyr.com\/fr\/\" \/>\n<meta property=\"og:locale\" content=\"fr_FR\" \/>\n<meta property=\"og:type\" content=\"article\" \/>\n<meta property=\"og:title\" content=\"Transport Louis Cyr | D\u00e9m\u00e9nagement et livraison \u00e0 Joliette\" \/>\n<meta property=\"og:description\" content=\"Transport Louis Cyr | Votre compagnie de transport pour tous vos d\u00e9m\u00e9nagements et livraisons \u00e0 Joliette\" \/>\n<meta property=\"og:url\" content=\"https:\/\/www.transport-louiscyr.com\/fr\/\" \/>\n<meta property=\"og:site_name\" content=\"Transport Louis Cyr\" \/>\n<meta property=\"article:modified_time\" content=\"2020-04-29T14:09:14+00:00\" \/>\n<meta property=\"og:image\" content=\"https:\/\/www.transport-louiscyr.com\/wp-content\/uploads\/2019\/11\/jean-pascal-1.jpg\" \/>\n<meta name=\"twitter:card\" content=\"summary_large_image\" \/>\n<meta name=\"twitter:label1\" content=\"Dur\u00e9e de lecture estim\u00e9e\" \/>\n\t<meta name=\"twitter:data1\" content=\"4 minutes\" \/>\n<script type=\"application\/ld+json\" class=\"yoast-schema-graph\">{\"@context\":\"https:\/\/schema.org\",\"@graph\":[{\"@type\":\"WebPage\",\"@id\":\"https:\/\/www.transport-louiscyr.com\/fr\/\",\"url\":\"https:\/\/www.transport-louiscyr.com\/fr\/\",\"name\":\"Transport Louis Cyr | D\u00e9m\u00e9nagement et livraison \u00e0 Joliette\",\"isPartOf\":{\"@id\":\"https:\/\/www.transport-louiscyr.com\/fr\/#website\"},\"primaryImageOfPage\":{\"@id\":\"https:\/\/www.transport-louiscyr.com\/fr\/#primaryimage\"},\"image\":{\"@id\":\"https:\/\/www.transport-louiscyr.com\/fr\/#primaryimage\"},\"thumbnailUrl\":\"https:\/\/www.transport-louiscyr.com\/wp-content\/uploads\/2019\/11\/jean-pascal-1.jpg\",\"datePublished\":\"2019-09-27T18:36:04+00:00\",\"dateModified\":\"2020-04-29T14:09:14+00:00\",\"description\":\"Transport Louis Cyr | Votre compagnie de transport pour tous vos d\u00e9m\u00e9nagements et livraisons \u00e0 Joliette\",\"breadcrumb\":{\"@id\":\"https:\/\/www.transport-louiscyr.com\/fr\/#breadcrumb\"},\"inLanguage\":\"fr-FR\",\"potentialAction\":[{\"@type\":\"ReadAction\",\"target\":[\"https:\/\/www.transport-louiscyr.com\/fr\/\"]}]},{\"@type\":\"ImageObject\",\"inLanguage\":\"fr-FR\",\"@id\":\"https:\/\/www.transport-louiscyr.com\/fr\/#primaryimage\",\"url\":\"https:\/\/www.transport-louiscyr.com\/wp-content\/uploads\/2019\/11\/jean-pascal-1.jpg\",\"contentUrl\":\"https:\/\/www.transport-louiscyr.com\/wp-content\/uploads\/2019\/11\/jean-pascal-1.jpg\"},{\"@type\":\"BreadcrumbList\",\"@id\":\"https:\/\/www.transport-louiscyr.com\/fr\/#breadcrumb\",\"itemListElement\":[{\"@type\":\"ListItem\",\"position\":1,\"name\":\"Home\",\"item\":\"https:\/\/www.transport-louiscyr.com\/fr\/\"},{\"@type\":\"ListItem\",\"position\":2,\"name\":\"Accueil\"}]},{\"@type\":\"WebSite\",\"@id\":\"https:\/\/www.transport-louiscyr.com\/fr\/#website\",\"url\":\"https:\/\/www.transport-louiscyr.com\/fr\/\",\"name\":\"Transport Louis Cyr\",\"description\":\"\",\"publisher\":{\"@id\":\"https:\/\/www.transport-louiscyr.com\/fr\/#organization\"},\"potentialAction\":[{\"@type\":\"SearchAction\",\"target\":{\"@type\":\"EntryPoint\",\"urlTemplate\":\"https:\/\/www.transport-louiscyr.com\/fr\/?s={search_term_string}\"},\"query-input\":{\"@type\":\"PropertyValueSpecification\",\"valueRequired\":true,\"valueName\":\"search_term_string\"}}],\"inLanguage\":\"fr-FR\"},{\"@type\":\"Organization\",\"@id\":\"https:\/\/www.transport-louiscyr.com\/fr\/#organization\",\"name\":\"Transport Louis Cyr\",\"url\":\"https:\/\/www.transport-louiscyr.com\/fr\/\",\"logo\":{\"@type\":\"ImageObject\",\"inLanguage\":\"fr-FR\",\"@id\":\"https:\/\/www.transport-louiscyr.com\/fr\/#\/schema\/logo\/image\/\",\"url\":\"https:\/\/www.transport-louiscyr.com\/wp-content\/uploads\/2019\/09\/logo.jpg\",\"contentUrl\":\"https:\/\/www.transport-louiscyr.com\/wp-content\/uploads\/2019\/09\/logo.jpg\",\"width\":381,\"height\":188,\"caption\":\"Transport Louis Cyr\"},\"image\":{\"@id\":\"https:\/\/www.transport-louiscyr.com\/fr\/#\/schema\/logo\/image\/\"}}]}<\/script>\n<!-- \/ Yoast SEO plugin. -->","yoast_head_json":{"title":"Transport Louis Cyr | D\u00e9m\u00e9nagement et livraison \u00e0 Joliette","description":"Transport Louis Cyr | Votre compagnie de transport pour tous vos d\u00e9m\u00e9nagements et livraisons \u00e0 Joliette","robots":{"index":"index","follow":"follow","max-snippet":"max-snippet:-1","max-image-preview":"max-image-preview:large","max-video-preview":"max-video-preview:-1"},"canonical":"https:\/\/www.transport-louiscyr.com\/fr\/","og_locale":"fr_FR","og_type":"article","og_title":"Transport Louis Cyr | D\u00e9m\u00e9nagement et livraison \u00e0 Joliette","og_description":"Transport Louis Cyr | Votre compagnie de transport pour tous vos d\u00e9m\u00e9nagements et livraisons \u00e0 Joliette","og_url":"https:\/\/www.transport-louiscyr.com\/fr\/","og_site_name":"Transport Louis Cyr","article_modified_time":"2020-04-29T14:09:14+00:00","og_image":[{"url":"https:\/\/www.transport-louiscyr.com\/wp-content\/uploads\/2019\/11\/jean-pascal-1.jpg","type":"","width":"","height":""}],"twitter_card":"summary_large_image","twitter_misc":{"Dur\u00e9e de lecture estim\u00e9e":"4 minutes"},"schema":{"@context":"https:\/\/schema.org","@graph":[{"@type":"WebPage","@id":"https:\/\/www.transport-louiscyr.com\/fr\/","url":"https:\/\/www.transport-louiscyr.com\/fr\/","name":"Transport Louis Cyr | D\u00e9m\u00e9nagement et livraison \u00e0 Joliette","isPartOf":{"@id":"https:\/\/www.transport-louiscyr.com\/fr\/#website"},"primaryImageOfPage":{"@id":"https:\/\/www.transport-louiscyr.com\/fr\/#primaryimage"},"image":{"@id":"https:\/\/www.transport-louiscyr.com\/fr\/#primaryimage"},"thumbnailUrl":"https:\/\/www.transport-louiscyr.com\/wp-content\/uploads\/2019\/11\/jean-pascal-1.jpg","datePublished":"2019-09-27T18:36:04+00:00","dateModified":"2020-04-29T14:09:14+00:00","description":"Transport Louis Cyr | Votre compagnie de transport pour tous vos d\u00e9m\u00e9nagements et livraisons \u00e0 Joliette","breadcrumb":{"@id":"https:\/\/www.transport-louiscyr.com\/fr\/#breadcrumb"},"inLanguage":"fr-FR","potentialAction":[{"@type":"ReadAction","target":["https:\/\/www.transport-louiscyr.com\/fr\/"]}]},{"@type":"ImageObject","inLanguage":"fr-FR","@id":"https:\/\/www.transport-louiscyr.com\/fr\/#primaryimage","url":"https:\/\/www.transport-louiscyr.com\/wp-content\/uploads\/2019\/11\/jean-pascal-1.jpg","contentUrl":"https:\/\/www.transport-louiscyr.com\/wp-content\/uploads\/2019\/11\/jean-pascal-1.jpg"},{"@type":"BreadcrumbList","@id":"https:\/\/www.transport-louiscyr.com\/fr\/#breadcrumb","itemListElement":[{"@type":"ListItem","position":1,"name":"Home","item":"https:\/\/www.transport-louiscyr.com\/fr\/"},{"@type":"ListItem","position":2,"name":"Accueil"}]},{"@type":"WebSite","@id":"https:\/\/www.transport-louiscyr.com\/fr\/#website","url":"https:\/\/www.transport-louiscyr.com\/fr\/","name":"Transport Louis Cyr","description":"","publisher":{"@id":"https:\/\/www.transport-louiscyr.com\/fr\/#organization"},"potentialAction":[{"@type":"SearchAction","target":{"@type":"EntryPoint","urlTemplate":"https:\/\/www.transport-louiscyr.com\/fr\/?s={search_term_string}"},"query-input":{"@type":"PropertyValueSpecification","valueRequired":true,"valueName":"search_term_string"}}],"inLanguage":"fr-FR"},{"@type":"Organization","@id":"https:\/\/www.transport-louiscyr.com\/fr\/#organization","name":"Transport Louis Cyr","url":"https:\/\/www.transport-louiscyr.com\/fr\/","logo":{"@type":"ImageObject","inLanguage":"fr-FR","@id":"https:\/\/www.transport-louiscyr.com\/fr\/#\/schema\/logo\/image\/","url":"https:\/\/www.transport-louiscyr.com\/wp-content\/uploads\/2019\/09\/logo.jpg","contentUrl":"https:\/\/www.transport-louiscyr.com\/wp-content\/uploads\/2019\/09\/logo.jpg","width":381,"height":188,"caption":"Transport Louis Cyr"},"image":{"@id":"https:\/\/www.transport-louiscyr.com\/fr\/#\/schema\/logo\/image\/"}}]}},"_links":{"self":[{"href":"https:\/\/www.transport-louiscyr.com\/fr\/wp-json\/wp\/v2\/pages\/2","targetHints":{"allow":["GET"]}}],"collection":[{"href":"https:\/\/www.transport-louiscyr.com\/fr\/wp-json\/wp\/v2\/pages"}],"about":[{"href":"https:\/\/www.transport-louiscyr.com\/fr\/wp-json\/wp\/v2\/types\/page"}],"author":[{"embeddable":true,"href":"https:\/\/www.transport-louiscyr.com\/fr\/wp-json\/wp\/v2\/users\/1"}],"replies":[{"embeddable":true,"href":"https:\/\/www.transport-louiscyr.com\/fr\/wp-json\/wp\/v2\/comments?post=2"}],"version-history":[{"count":25,"href":"https:\/\/www.transport-louiscyr.com\/fr\/wp-json\/wp\/v2\/pages\/2\/revisions"}],"predecessor-version":[{"id":147,"href":"https:\/\/www.transport-louiscyr.com\/fr\/wp-json\/wp\/v2\/pages\/2\/revisions\/147"}],"wp:attachment":[{"href":"https:\/\/www.transport-louiscyr.com\/fr\/wp-json\/wp\/v2\/media?parent=2"}],"curies":[{"name":"wp","href":"https:\/\/api.w.org\/{rel}","templated":true}]}}