{"id":15,"date":"2019-09-30T09:26:41","date_gmt":"2019-09-30T13:26:41","guid":{"rendered":"https:\/\/www.transport-louiscyr.com\/?page_id=15"},"modified":"2025-02-04T10:00:18","modified_gmt":"2025-02-04T15:00:18","slug":"nous-joindre","status":"publish","type":"page","link":"https:\/\/www.transport-louiscyr.com\/fr\/nous-joindre\/","title":{"rendered":"Contact"},"content":{"rendered":"<section class=\"contact_container\">\n<div class=\"container\">\n<div class=\"row\">\n<div class=\"col-lg-4\">\n<div class=\"contact-infos\">\n<div class=\"all-infos\">\n<div class=\"lc-block\">\n<div lc-helper=\"shortcode\" class=\"live-shortcode full-cp-name\"><img decoding=\"async\" src=\"https:\/\/www.transport-louiscyr.com\/wp-content\/themes\/yannickweb-child\/assets\/images\/infos-logo.jpg\" class=\"mb-3\" alt=\"\" \/><\/div>\n<\/p><\/div>\n<p><!-- \/lc-block --><\/p>\n<div class=\"lc-block\">\n<div lc-helper=\"shortcode\" class=\"live-shortcode full-cp-name\">Transport Louis Cyr Inc.<\/div>\n<\/p><\/div>\n<p><!-- \/lc-block --><\/p>\n<div class=\"lc-block\">\n<div lc-helper=\"shortcode\" class=\"live-shortcode full-cp-name\">2197 Boulevard Barrette<br>Lourdes de Joliette (QC) J0K 1K0<\/div>\n<\/p><\/div>\n<div class=\"lc-block\">\n<div class=\"embed-responsive embed-responsive-16by9 full-cp-name\" lc-helper=\"gmap-embed\">\n\t\t\t\t<iframe src=\"https:\/\/www.google.com\/maps\/embed?pb=!1m18!1m12!1m3!1d5533.410896167932!2d-73.42434066659582!3d46.09684839902624!2m3!1f0!2f0!3f0!3m2!1i1024!2i768!4f13.1!3m3!1m2!1s0x4cc8a321cdd2502f%3A0xea9fa5e07ae7fa1e!2s2197%20Boulevard%20Barrette%2C%20Lourdes-de-Joliette%2C%20QC%20J0K%201K0!5e0!3m2!1sen!2sca!4v1586457203027!5m2!1sen!2sca\" frameborder=\"0\" style=\"border:0;\" allowfullscreen=\"\" aria-hidden=\"false\" tabindex=\"0\"><\/iframe>\n\t\t\t<\/div>\n<\/p><\/div>\n<p><!-- \/lc-block --><\/p>\n<div class=\"lc-block phone-number\">\n<div lc-helper=\"shortcode\" class=\"live-shortcode phone-number full-cp-name\">450 365-4669<\/div>\n<\/p><\/div>\n<p><!-- \/lc-block --><\/p>\n<div class=\"lc-block\">\n<div lc-helper=\"shortcode\" class=\"live-shortcode\"><a href=\"https:\/\/www.facebook.com\/profile.php?id=100009056208465\" rel=\"noopener noreferrer\" target=\"_blank\"><img decoding=\"async\" src=\"https:\/\/www.transport-louiscyr.com\/wp-content\/themes\/yannickweb-child\/assets\/images\/facebook.png\" class=\"\" alt=\"\" \/><\/a><\/div>\n<\/div>\n<p><!-- \/lc-block -->\n\t<\/div>\n<p>\t<!-- \/lc-block --><\/p>\n<\/div>\n<\/div>\n<p><!-- \/col --><\/p>\n<div class=\"col-lg-8\">\n<div class=\"lc-block form-container fr\">\n<div lc-helper=\"shortcode\" class=\"live-shortcode\">\n<div class=\"wpcf7 no-js\" id=\"wpcf7-f5-o1\" lang=\"fr-FR\" dir=\"ltr\" data-wpcf7-id=\"5\">\n<div class=\"screen-reader-response\"><p role=\"status\" aria-live=\"polite\" aria-atomic=\"true\"><\/p> <ul><\/ul><\/div>\n<form action=\"\/fr\/wp-json\/wp\/v2\/pages\/15#wpcf7-f5-o1\" method=\"post\" class=\"wpcf7-form init\" aria-label=\"Formulaire de contact\" novalidate=\"novalidate\" data-status=\"init\">\n<fieldset class=\"hidden-fields-container\"><input type=\"hidden\" name=\"_wpcf7\" value=\"5\" \/><input type=\"hidden\" name=\"_wpcf7_version\" value=\"6.1.5\" \/><input type=\"hidden\" name=\"_wpcf7_locale\" value=\"fr_FR\" \/><input type=\"hidden\" name=\"_wpcf7_unit_tag\" value=\"wpcf7-f5-o1\" \/><input type=\"hidden\" name=\"_wpcf7_container_post\" value=\"0\" \/><input type=\"hidden\" name=\"_wpcf7_posted_data_hash\" value=\"\" \/><input type=\"hidden\" name=\"_wpcf7_recaptcha_response\" value=\"\" \/>\n<\/fieldset>\n<div class=\"theForm\">\n  <h1>Nous joindre<\/h1>\n  <div class='column d-flex align-items-center'>\n    <label for='your-sujet'>Sujet *<\/label><span class=\"wpcf7-form-control-wrap your-sujet\"><select name=\"your-sujet\" id=\"your-sujet\" class=\"wpcf7-form-control wpcf7-select wpcf7-validates-as-required aria-required=\"true\"  aria-invalid=\"false\"><option value=\"\">Veuillez choisir...<\/option><option value=\"Demander un prix\">Demander un prix<\/option><option value=\"D\u00e9m\u00e9nagement\">D\u00e9m\u00e9nagement<\/option><option value=\"Livraison\">Livraison<\/option><option value=\"Piano storage\">Piano storage<\/option><option value=\"Obtenir de l'information\">Obtenir de l'information<\/option><\/select><\/span>\n  <\/div>\n  <div class='column d-flex align-items-center'>\n    <label for='your-name'>Nom complet *<\/label><span class=\"wpcf7-form-control-wrap\" data-name=\"your-name\"><input size=\"40\" maxlength=\"400\" class=\"wpcf7-form-control wpcf7-text wpcf7-validates-as-required\" id=\"your-name\" aria-required=\"true\" aria-invalid=\"false\" value=\"\" type=\"text\" name=\"your-name\" \/><\/span>\n  <\/div>\n  <div class='column d-flex align-items-center'>\n    <label for='your-email'>Courriel *<\/label><span class=\"wpcf7-form-control-wrap\" data-name=\"your-email\"><input size=\"40\" maxlength=\"400\" class=\"wpcf7-form-control wpcf7-email wpcf7-validates-as-required wpcf7-text wpcf7-validates-as-email\" id=\"your-email\" aria-required=\"true\" aria-invalid=\"false\" value=\"\" type=\"email\" name=\"your-email\" \/><\/span>\n  <\/div>\n  <div class='column d-flex align-items-center'>\n    <label for='your-tel'>T\u00e9l\u00e9phone *<\/label><span class=\"wpcf7-form-control-wrap\" data-name=\"your-tel\"><input size=\"40\" maxlength=\"400\" class=\"wpcf7-form-control wpcf7-tel wpcf7-validates-as-required wpcf7-text wpcf7-validates-as-tel\" id=\"your-tel\" aria-required=\"true\" aria-invalid=\"false\" value=\"\" type=\"tel\" name=\"your-tel\" \/><\/span>\n  <\/div>\n  <div class='column d-flex'>\n    <label for='your-message'>Message *<\/label><span class=\"wpcf7-form-control-wrap\" data-name=\"your-message\"><textarea cols=\"40\" rows=\"5\" maxlength=\"2000\" class=\"wpcf7-form-control wpcf7-textarea wpcf7-validates-as-required\" id=\"your-message\" aria-required=\"true\" aria-invalid=\"false\" name=\"your-message\"><\/textarea><\/span>\n  <\/div>\n  <div class='column d-flex align-items-center justify-content-end'>\n    <span class=\"wpcf7-form-control-wrap\" data-name=\"confEmail\"><input size=\"40\" maxlength=\"400\" class=\"wpcf7-form-control wpcf7-text\" id=\"confEmail\" aria-invalid=\"false\" value=\"\" type=\"text\" name=\"confEmail\" \/><\/span><input class=\"wpcf7-form-control wpcf7-submit has-spinner btn contact fr\" type=\"submit\" value=\"Soumettre\" \/><input class=\"wpcf7-form-control wpcf7-submit has-spinner btn contact en\" type=\"submit\" value=\"Submit\" \/>\n  <\/div>\n<\/div><div class=\"wpcf7-response-output\" aria-hidden=\"true\"><\/div>\n<\/form>\n<\/div>\n<\/div>\n<\/p><\/div>\n<p><!-- \/lc-block -->\n\t\t\t<\/div>\n<p><!-- \/col -->\n\t\t<\/div>\n<\/p><\/div>\n<\/section>\n","protected":false},"excerpt":{"rendered":"","protected":false},"author":1,"featured_media":0,"parent":0,"menu_order":0,"comment_status":"closed","ping_status":"closed","template":"page-templates\/empty.php","meta":{"footnotes":""},"class_list":["post-15","page","type-page","status-publish","hentry"],"yoast_head":"<!-- This site is optimized with the Yoast SEO plugin v27.2 - https:\/\/yoast.com\/product\/yoast-seo-wordpress\/ -->\n<title>Transport Louis Cyr | Contactez-nous pour vos d\u00e9m\u00e9nagements ou livraisons \u00e0 Joliette<\/title>\n<meta name=\"description\" content=\"Transport Louis Cyr | N\u2019h\u00e9sitez pas \u00e0 nous contacter pour toute questions que vous pouvez avoir en rapport avec nos services de livraison, d\u00e9m\u00e9nagement, nos m\u00e9thodes et les diff\u00e9rentes options que nous proposons \u00e0 Joliette et aux alentours\" \/>\n<meta name=\"robots\" content=\"index, follow, max-snippet:-1, max-image-preview:large, max-video-preview:-1\" \/>\n<link rel=\"canonical\" href=\"https:\/\/www.transport-louiscyr.com\/fr\/nous-joindre\/\" \/>\n<meta property=\"og:locale\" content=\"fr_FR\" \/>\n<meta property=\"og:type\" content=\"article\" \/>\n<meta property=\"og:title\" content=\"Transport Louis Cyr | Contactez-nous pour vos d\u00e9m\u00e9nagements ou livraisons \u00e0 Joliette\" \/>\n<meta property=\"og:description\" content=\"Transport Louis Cyr | N\u2019h\u00e9sitez pas \u00e0 nous contacter pour toute questions que vous pouvez avoir en rapport avec nos services de livraison, d\u00e9m\u00e9nagement, nos m\u00e9thodes et les diff\u00e9rentes options que nous proposons \u00e0 Joliette et aux alentours\" \/>\n<meta property=\"og:url\" content=\"https:\/\/www.transport-louiscyr.com\/fr\/nous-joindre\/\" \/>\n<meta property=\"og:site_name\" content=\"Transport Louis Cyr\" \/>\n<meta property=\"article:modified_time\" content=\"2025-02-04T15:00:18+00:00\" \/>\n<meta name=\"twitter:card\" content=\"summary_large_image\" \/>\n<script type=\"application\/ld+json\" class=\"yoast-schema-graph\">{\"@context\":\"https:\/\/schema.org\",\"@graph\":[{\"@type\":\"WebPage\",\"@id\":\"https:\/\/www.transport-louiscyr.com\/fr\/nous-joindre\/\",\"url\":\"https:\/\/www.transport-louiscyr.com\/fr\/nous-joindre\/\",\"name\":\"Transport Louis Cyr | Contactez-nous pour vos d\u00e9m\u00e9nagements ou livraisons \u00e0 Joliette\",\"isPartOf\":{\"@id\":\"https:\/\/www.transport-louiscyr.com\/fr\/#website\"},\"datePublished\":\"2019-09-30T13:26:41+00:00\",\"dateModified\":\"2025-02-04T15:00:18+00:00\",\"description\":\"Transport Louis Cyr | N\u2019h\u00e9sitez pas \u00e0 nous contacter pour toute questions que vous pouvez avoir en rapport avec nos services de livraison, d\u00e9m\u00e9nagement, nos m\u00e9thodes et les diff\u00e9rentes options que nous proposons \u00e0 Joliette et aux alentours\",\"breadcrumb\":{\"@id\":\"https:\/\/www.transport-louiscyr.com\/fr\/nous-joindre\/#breadcrumb\"},\"inLanguage\":\"fr-FR\",\"potentialAction\":[{\"@type\":\"ReadAction\",\"target\":[\"https:\/\/www.transport-louiscyr.com\/fr\/nous-joindre\/\"]}]},{\"@type\":\"BreadcrumbList\",\"@id\":\"https:\/\/www.transport-louiscyr.com\/fr\/nous-joindre\/#breadcrumb\",\"itemListElement\":[{\"@type\":\"ListItem\",\"position\":1,\"name\":\"Home\",\"item\":\"https:\/\/www.transport-louiscyr.com\/fr\/\"},{\"@type\":\"ListItem\",\"position\":2,\"name\":\"Contact\"}]},{\"@type\":\"WebSite\",\"@id\":\"https:\/\/www.transport-louiscyr.com\/fr\/#website\",\"url\":\"https:\/\/www.transport-louiscyr.com\/fr\/\",\"name\":\"Transport Louis Cyr\",\"description\":\"\",\"publisher\":{\"@id\":\"https:\/\/www.transport-louiscyr.com\/fr\/#organization\"},\"potentialAction\":[{\"@type\":\"SearchAction\",\"target\":{\"@type\":\"EntryPoint\",\"urlTemplate\":\"https:\/\/www.transport-louiscyr.com\/fr\/?s={search_term_string}\"},\"query-input\":{\"@type\":\"PropertyValueSpecification\",\"valueRequired\":true,\"valueName\":\"search_term_string\"}}],\"inLanguage\":\"fr-FR\"},{\"@type\":\"Organization\",\"@id\":\"https:\/\/www.transport-louiscyr.com\/fr\/#organization\",\"name\":\"Transport Louis Cyr\",\"url\":\"https:\/\/www.transport-louiscyr.com\/fr\/\",\"logo\":{\"@type\":\"ImageObject\",\"inLanguage\":\"fr-FR\",\"@id\":\"https:\/\/www.transport-louiscyr.com\/fr\/#\/schema\/logo\/image\/\",\"url\":\"https:\/\/www.transport-louiscyr.com\/wp-content\/uploads\/2019\/09\/logo.jpg\",\"contentUrl\":\"https:\/\/www.transport-louiscyr.com\/wp-content\/uploads\/2019\/09\/logo.jpg\",\"width\":381,\"height\":188,\"caption\":\"Transport Louis Cyr\"},\"image\":{\"@id\":\"https:\/\/www.transport-louiscyr.com\/fr\/#\/schema\/logo\/image\/\"}}]}<\/script>\n<!-- \/ Yoast SEO plugin. -->","yoast_head_json":{"title":"Transport Louis Cyr | Contactez-nous pour vos d\u00e9m\u00e9nagements ou livraisons \u00e0 Joliette","description":"Transport Louis Cyr | N\u2019h\u00e9sitez pas \u00e0 nous contacter pour toute questions que vous pouvez avoir en rapport avec nos services de livraison, d\u00e9m\u00e9nagement, nos m\u00e9thodes et les diff\u00e9rentes options que nous proposons \u00e0 Joliette et aux alentours","robots":{"index":"index","follow":"follow","max-snippet":"max-snippet:-1","max-image-preview":"max-image-preview:large","max-video-preview":"max-video-preview:-1"},"canonical":"https:\/\/www.transport-louiscyr.com\/fr\/nous-joindre\/","og_locale":"fr_FR","og_type":"article","og_title":"Transport Louis Cyr | Contactez-nous pour vos d\u00e9m\u00e9nagements ou livraisons \u00e0 Joliette","og_description":"Transport Louis Cyr | N\u2019h\u00e9sitez pas \u00e0 nous contacter pour toute questions que vous pouvez avoir en rapport avec nos services de livraison, d\u00e9m\u00e9nagement, nos m\u00e9thodes et les diff\u00e9rentes options que nous proposons \u00e0 Joliette et aux alentours","og_url":"https:\/\/www.transport-louiscyr.com\/fr\/nous-joindre\/","og_site_name":"Transport Louis Cyr","article_modified_time":"2025-02-04T15:00:18+00:00","twitter_card":"summary_large_image","schema":{"@context":"https:\/\/schema.org","@graph":[{"@type":"WebPage","@id":"https:\/\/www.transport-louiscyr.com\/fr\/nous-joindre\/","url":"https:\/\/www.transport-louiscyr.com\/fr\/nous-joindre\/","name":"Transport Louis Cyr | Contactez-nous pour vos d\u00e9m\u00e9nagements ou livraisons \u00e0 Joliette","isPartOf":{"@id":"https:\/\/www.transport-louiscyr.com\/fr\/#website"},"datePublished":"2019-09-30T13:26:41+00:00","dateModified":"2025-02-04T15:00:18+00:00","description":"Transport Louis Cyr | N\u2019h\u00e9sitez pas \u00e0 nous contacter pour toute questions que vous pouvez avoir en rapport avec nos services de livraison, d\u00e9m\u00e9nagement, nos m\u00e9thodes et les diff\u00e9rentes options que nous proposons \u00e0 Joliette et aux alentours","breadcrumb":{"@id":"https:\/\/www.transport-louiscyr.com\/fr\/nous-joindre\/#breadcrumb"},"inLanguage":"fr-FR","potentialAction":[{"@type":"ReadAction","target":["https:\/\/www.transport-louiscyr.com\/fr\/nous-joindre\/"]}]},{"@type":"BreadcrumbList","@id":"https:\/\/www.transport-louiscyr.com\/fr\/nous-joindre\/#breadcrumb","itemListElement":[{"@type":"ListItem","position":1,"name":"Home","item":"https:\/\/www.transport-louiscyr.com\/fr\/"},{"@type":"ListItem","position":2,"name":"Contact"}]},{"@type":"WebSite","@id":"https:\/\/www.transport-louiscyr.com\/fr\/#website","url":"https:\/\/www.transport-louiscyr.com\/fr\/","name":"Transport Louis Cyr","description":"","publisher":{"@id":"https:\/\/www.transport-louiscyr.com\/fr\/#organization"},"potentialAction":[{"@type":"SearchAction","target":{"@type":"EntryPoint","urlTemplate":"https:\/\/www.transport-louiscyr.com\/fr\/?s={search_term_string}"},"query-input":{"@type":"PropertyValueSpecification","valueRequired":true,"valueName":"search_term_string"}}],"inLanguage":"fr-FR"},{"@type":"Organization","@id":"https:\/\/www.transport-louiscyr.com\/fr\/#organization","name":"Transport Louis Cyr","url":"https:\/\/www.transport-louiscyr.com\/fr\/","logo":{"@type":"ImageObject","inLanguage":"fr-FR","@id":"https:\/\/www.transport-louiscyr.com\/fr\/#\/schema\/logo\/image\/","url":"https:\/\/www.transport-louiscyr.com\/wp-content\/uploads\/2019\/09\/logo.jpg","contentUrl":"https:\/\/www.transport-louiscyr.com\/wp-content\/uploads\/2019\/09\/logo.jpg","width":381,"height":188,"caption":"Transport Louis Cyr"},"image":{"@id":"https:\/\/www.transport-louiscyr.com\/fr\/#\/schema\/logo\/image\/"}}]}},"_links":{"self":[{"href":"https:\/\/www.transport-louiscyr.com\/fr\/wp-json\/wp\/v2\/pages\/15","targetHints":{"allow":["GET"]}}],"collection":[{"href":"https:\/\/www.transport-louiscyr.com\/fr\/wp-json\/wp\/v2\/pages"}],"about":[{"href":"https:\/\/www.transport-louiscyr.com\/fr\/wp-json\/wp\/v2\/types\/page"}],"author":[{"embeddable":true,"href":"https:\/\/www.transport-louiscyr.com\/fr\/wp-json\/wp\/v2\/users\/1"}],"replies":[{"embeddable":true,"href":"https:\/\/www.transport-louiscyr.com\/fr\/wp-json\/wp\/v2\/comments?post=15"}],"version-history":[{"count":26,"href":"https:\/\/www.transport-louiscyr.com\/fr\/wp-json\/wp\/v2\/pages\/15\/revisions"}],"predecessor-version":[{"id":162,"href":"https:\/\/www.transport-louiscyr.com\/fr\/wp-json\/wp\/v2\/pages\/15\/revisions\/162"}],"wp:attachment":[{"href":"https:\/\/www.transport-louiscyr.com\/fr\/wp-json\/wp\/v2\/media?parent=15"}],"curies":[{"name":"wp","href":"https:\/\/api.w.org\/{rel}","templated":true}]}}