{"id":11,"date":"2019-09-30T09:23:35","date_gmt":"2019-09-30T13:23:35","guid":{"rendered":"https:\/\/www.transport-louiscyr.com\/?page_id=11"},"modified":"2020-04-29T10:11:03","modified_gmt":"2020-04-29T14:11:03","slug":"livraison","status":"publish","type":"page","link":"https:\/\/www.transport-louiscyr.com\/fr\/livraison\/","title":{"rendered":"Livraison"},"content":{"rendered":"<section class=\"top_container\">\n<div class=\"container\">\n<div class=\"row justify-content-center align-items-center\">\n<div class=\"col-auto\">\n<div class=\"h1_div text-center\">\n<div class=\"lc-block\">\n<div editable=\"rich\">\n<h1>Nous vous facilitons la t\u00e2che <strong>avec notre service de livraison unique et efficace \u00e0 Joliette<\/strong><\/h1>\n<\/p><\/div>\n<\/p><\/div>\n<p><!-- \/lc-block --><\/p>\n<div class=\"lc-block\">\n<div lc-helper=\"shortcode\" class=\"live-shortcode\"><a href=\"https:\/\/www.transport-louiscyr.com\/fr\/nous-joindre\/\" class=\"btn contact\">Estimation gratuite<\/a><\/div>\n<\/p><\/div>\n<p><!-- \/lc-block -->\n\t\t\t\t<\/div>\n<p><!-- \/col -->\n\t\t\t<\/div>\n<\/p><\/div>\n<\/p><\/div>\n<\/section>\n<section class=\"main_container\">\n<div lc-helper=\"shortcode\" class=\"live-shortcode\"><button class=\"more d-lg-none collapsed\" data-toggle=\"collapse\" data-target=\"#main-container\" aria-expanded=\"false\" aria-controls=\"main-container\">\u00c0 propos<\/button><\/div>\n<div class=\"container collapse panel-collapse\" id=\"main-container\">\n<div class=\"row\">\n<div class=\"col-lg-7\">\n<div class=\"lc-block\">\n<div lc-helper=\"shortcode\" class=\"live-shortcode\"><div class=\"sharethis-inline-share-buttons mt-4 mt-lg-5 mb-4\"><\/div><\/div>\n<\/p><\/div>\n<p><!-- \/lc-block --><\/p>\n<div class=\"lc-block maintext\">\n<div editable=\"rich\">\n<h2>Vous avez besoin d\u2019un service de livraison \u00e0 Joliette et aux alentours? Nous avons la solution&nbsp;<\/h2>\n<p>\u00c0 Joliette, Transport Louis Cyr propose des services de livraison pour tous vos biens ou objets. Que ce soit des meubles, des \u00e9b\u00e9nisteries, piano, colis ou tout autre livraison sp\u00e9cialis\u00e9e, nous nous ferons un plaisir de vous offrir nos services.<\/p>\n<p>Les livraisons ne sont pas toujours \u00e9videntes ni abordables, ce qui peut les rendre difficiles. Nous pouvons souvent nous retrouver en train de vouloir faire en sorte que nous recevions nos objets dans de bonnes conditions, dans un d\u00e9lai raisonnable, mais il est souvent impossible de trouver un moyen de les transporter. Quelle que ce soit, meuble, piano, livraison externe, nous pourrons vous faire un prix et nous assurer du bon traitement de vos affaires. En effet, nous avons des m\u00e9thodes et des pratiques de pr\u00e9vention qui sont mises en pratique.<\/p>\n<img decoding=\"async\" src=\"https:\/\/www.transport-louiscyr.com\/wp-content\/themes\/yannickweb-child\/assets\/images\/camion.jpg\" class=\"d-none d-lg-block\" alt=\"\" \/>\n<p>Par exemple, nous avons des emballages, des couvertures pour les objets plus fragiles, une assurance compl\u00e8te pour vos biens, des couvre planchers et bien plus.<\/p>\n<p>De plus, nous sommes aussi conscients du fait que parfois, la plupart des v\u00e9hicules ne sont pas adapt\u00e9s pour transporter certaines commandes ou certaines compagnies ne proposent pas l\u2019option de vous livrer certaines choses \u00e0 domicile. Il se peut aussi que vous deviez r\u00e9cup\u00e9rer des affaires chez d\u2019autres personnes. Pour r\u00e9soudre ce probl\u00e8me, nous vous offrons notre service de livraison \u00e0 des prix abordables.&nbsp;<\/p>\n<p>Avec nous, vous \u00eates s\u00fbres d\u2019\u00eatre entre de bonnes mains, gr\u00e2ce \u00e0 nos professionnels qualifi\u00e9s et exp\u00e9riment\u00e9s. Vous pouvez nous faire confiance, car vous ferez affaire avec des professionnels dignes de confiance qui ont su s\u2019imposer comme leader dans la r\u00e9gion.&nbsp;<\/p>\n<p>Vous \u00eates \u00e0 Joliette ou dans les alentours et souhaitez obtenir une soumission? Contactez-nous d\u00e8s aujourd\u2019hui pour une <a href=\"https:\/\/www.transport-louiscyr.com\/fr\/nous-joindre\/\" class=\"\">estimation gratuite<\/a>.<\/p>\n<\/p><\/div>\n<\/p><\/div>\n<p><!-- \/lc-block -->\n\t\t\t<\/div>\n<p><!-- \/col --><\/p>\n<div class=\"col-lg-5\">\n<div class=\"mainright\">\n<div class=\"lc-block\">\n<div editable=\"rich\">\n<h3>Nos services viennent avec plusieurs avantages tels que&nbsp;:&nbsp;<\/h3>\n<\/p>\n<ul>\n<li>Service de pr\u00e9-emballage<\/li>\n<li>Couverture de d\u00e9m\u00e9nagement illimit\u00e9 gratuite<\/li>\n<li>Couvre plancher<\/li>\n<li>Sac \u00e0 matelas<\/li>\n<li>\u00ab\u00a0Wrapping\u00a0\u00bb \u00e0 sofa<\/li>\n<li>Service de palentage<\/li>\n<li>Assemblage et d\u00e9ssemblage de meubles<\/li>\n<li>Transport de vos v\u00e9hicules<\/li>\n<li>Camion et remorque 18 pi\/20 pi\/26 pi\/32 pi<\/li>\n<li>Remorque ferm\u00e9e 12 pi\/26 pi<\/li>\n<li>Assurance compl\u00e8te pour vos biens inclus&nbsp;&nbsp;<\/li>\n<\/ul>\n<\/p><\/div>\n<\/p><\/div>\n<p><!-- \/lc-block --><\/p>\n<div class=\"lc-block\">\n<div lc-helper=\"shortcode\" class=\"live-shortcode\"><a href=\"https:\/\/www.transport-louiscyr.com\/fr\/nous-joindre\/\" class=\"btn contact\">Contactez-nous d\u00e8s maintenant<\/a><\/div>\n<\/p><\/div>\n<p><!-- \/lc-block -->\n\t\t\t\t<\/div>\n<\/p><\/div>\n<p><!-- \/col -->\n\t\t<\/div>\n<\/p><\/div>\n<\/section>\n<section class=\"services_container\">\n<div lc-helper=\"shortcode\" class=\"live-shortcode\"><button class=\"more d-lg-none collapsed\" data-toggle=\"collapse\" data-target=\"#services-container\" aria-expanded=\"false\" aria-controls=\"services-container\">Services<\/button><\/div>\n<div class=\"container collapse panel-collapse\" id=\"services-container\">\n<div class=\"row align-items-end\">\n<div class=\"col-xl-5 order-last order-xl-first\">\n<div class=\"lc-block liste_services\">\n<div editable=\"rich\">\n<h3>Services offerts :<\/h3>\n<\/p>\n<ul>\n<li>D\u00e9m\u00e9nagement<\/li>\n<li>Livraison<\/li>\n<li>Entreposage de piano<\/li>\n<\/ul>\n<a href=\"https:\/\/www.transport-louiscyr.com\/fr\/nous-joindre\/\" class=\"btn contact\">Estimation gratuite<\/a>\n<\/p><\/div>\n<\/p><\/div>\n<p><!-- \/lc-block -->\n\t\t\t<\/div>\n<p><!-- \/col --><\/p>\n<div class=\"col-xl-7 order-first order-xl-last\">\n<div class=\"lc-block maintext2 demenagement\">\n<div editable=\"rich\">\n<h4>Nous proposons un service de livraison de qualit\u00e9 pour nos clients r\u00e9sidentiels et commerciaux \u00e0 Joliette et dans les environs<\/h4>\n<p>Avez-vous avez du contenu particulier qui a besoin d\u2019un service de livraison? Nous vous invitons \u00e0 nous contacter si vous \u00eates dans les environs de la r\u00e9gion de Joliette et nos experts se feront un plaisir de vous aider.&nbsp;&nbsp;<\/p>\n<p>Il peut \u00eatre un d\u00e9savantage de se trouver avec des biens, des objets ou du mat\u00e9riel qu\u2019on aimerait faire d\u00e9placer d\u2019un endroit \u00e0 l\u2019autre, mais pour plusieurs raisons, cela s\u2019av\u00e8re compliqu\u00e9. Pour mettre fin \u00e0 cela, nous avons voulu trouver une solution \u00e0 ce probl\u00e8me en offrant le service de livraison pour tous nos clients, r\u00e9sidentiels ou commerciaux. Quelle que soit la taille de l\u2019objet, la distance ou le d\u00e9lai, notre \u00e9quipe saura vous conseiller et vous accommoder au maximum afin que votre livraison se d\u00e9roule dans de bonnes conditions. De plus, nous tenons aussi \u00e0 nous assurer que le tout est fait sainement et proprement dans le respect des mesures de s\u00e9curit\u00e9 et en prot\u00e9geant vos biens.&nbsp;<\/p>\n<p>Pour plus d\u2019informations, nous vous invitons \u00e0 nous contacter d\u00e8s aujourd\u2019hui!<\/p>\n<\/p><\/div>\n<\/p><\/div>\n<p><!-- \/lc-block --><\/p>\n<div class=\"lc-block\">\n<div lc-helper=\"shortcode\" class=\"live-shortcode\"><a href=\"https:\/\/www.transport-louiscyr.com\/fr\/nous-joindre\/\" class=\"btn contact\">Communiquez avec nous<\/a><\/div>\n<\/p><\/div>\n<p><!-- \/lc-block -->\n\t\t\t<\/div>\n<p><!-- \/col -->\n\t\t<\/div>\n<\/p><\/div>\n<\/section>\n<section class=\"question_container\">\n<div lc-helper=\"shortcode\" class=\"live-shortcode\"><button class=\"more d-lg-none collapsed\" data-toggle=\"collapse\" data-target=\"#question-container\" aria-expanded=\"false\" aria-controls=\"question-container\">F.A.Q.<\/button><\/div>\n<div class=\"container collapse panel-collapse\" id=\"question-container\">\n<div class=\"row align-items-end\">\n<div class=\"col-xl-8\">\n<div class=\"lc-block paragraphe_keywords\">\n<div editable=\"rich\">\n<h5>Pourquoi favoriser un service de livraison priv\u00e9?<\/h5>\n<p>Il existe plusieurs moyens de se faire livrer un colis, mais il y a certains avantages \u00e0 faire confiance \u00e0 un service de livraison priv\u00e9 dont vous pourrez grandement b\u00e9n\u00e9ficier. Si vous \u00eates \u00e0 Joliette, Transport Louis Cyr offre le service de livraison r\u00e9sidentiel, autant que commercial. Une des diff\u00e9rences majeures est que vous avez plus de contr\u00f4le sur vos objets ou votre colis, vous pouvez \u00eatre en communication constante avec l\u2019\u00e9quipe et cela vous permet d\u2019\u00eatre rassur\u00e9s. De plus, savoir que vous faites affaire avec des professionnels vous laisse savoir que vos objets seront trait\u00e9s dignement et bien prot\u00e9g\u00e9s. Il y a plusieurs inconv\u00e9nients dont vous ne devrez pas vous soucier, comme les longs d\u00e9lais de livraison ou des frais excessifs.<\/p>\n<p>Si cela est votre premi\u00e8re fois, nous vous invitons vivement \u00e0 consulter nos options. Nous faisons la livraison de plusieurs types de colis, quelle que soit la taille ou le poids, nous sommes disponibles pour vous aider et vous offrir un service de qualit\u00e9.&nbsp;<\/p>\n<a href=\"https:\/\/www.transport-louiscyr.com\/fr\/nous-joindre\/\" class=\"\">Pour plus d\u2019informations ou une demande de soumission, veuillez nous contacter d\u00e8s aujourd\u2019hui<\/a>\n<\/p><\/div>\n<\/p><\/div>\n<p><!-- \/lc-block -->\n\t\t\t<\/div>\n<p><!-- \/col --><\/p>\n<div class=\"col-md-4 d-none d-xl-block\">\n<div class=\"lc-block\">\n\t\t\t\t\t<img decoding=\"async\" class=\"img-fluid question-img\" src=\"https:\/\/www.transport-louiscyr.com\/wp-content\/uploads\/2019\/09\/question-img.jpg\" alt=\"\">\n\t\t\t\t<\/div>\n<p><!-- \/lc-block -->\n\t\t\t<\/div>\n<p><!-- \/col -->\n\t\t<\/div>\n<\/p><\/div>\n<\/section>\n","protected":false},"excerpt":{"rendered":"<p>Nous vous facilitons la t\u00e2che avec notre service de livraison unique et efficace \u00e0 Joliette Vous avez besoin d\u2019un service de livraison \u00e0 Joliette et aux alentours? Nous avons la solution&nbsp; \u00c0 Joliette, Transport Louis Cyr propose des services de livraison pour tous vos biens ou objets. Que ce soit des meubles, des \u00e9b\u00e9nisteries, piano, [&hellip;]<\/p>\n","protected":false},"author":1,"featured_media":0,"parent":0,"menu_order":0,"comment_status":"closed","ping_status":"closed","template":"page-templates\/empty.php","meta":{"footnotes":""},"class_list":["post-11","page","type-page","status-publish","hentry"],"yoast_head":"<!-- This site is optimized with the Yoast SEO plugin v27.2 - https:\/\/yoast.com\/product\/yoast-seo-wordpress\/ -->\n<title>Transport Louis Cyr | Service de livraison \u00e0 Joliette<\/title>\n<meta name=\"description\" content=\"Transport Louis Cyr | Pour toutes vos livraisons, profitez de notre service exceptionnel et de nos experts dans la r\u00e9gion de Joliette et autour\" \/>\n<meta name=\"robots\" content=\"index, follow, max-snippet:-1, max-image-preview:large, max-video-preview:-1\" \/>\n<link rel=\"canonical\" href=\"https:\/\/www.transport-louiscyr.com\/fr\/livraison\/\" \/>\n<meta property=\"og:locale\" content=\"fr_FR\" \/>\n<meta property=\"og:type\" content=\"article\" \/>\n<meta property=\"og:title\" content=\"Transport Louis Cyr | Service de livraison \u00e0 Joliette\" \/>\n<meta property=\"og:description\" content=\"Transport Louis Cyr | Pour toutes vos livraisons, profitez de notre service exceptionnel et de nos experts dans la r\u00e9gion de Joliette et autour\" \/>\n<meta property=\"og:url\" content=\"https:\/\/www.transport-louiscyr.com\/fr\/livraison\/\" \/>\n<meta property=\"og:site_name\" content=\"Transport Louis Cyr\" \/>\n<meta property=\"article:modified_time\" content=\"2020-04-29T14:11:03+00:00\" \/>\n<meta property=\"og:image\" content=\"https:\/\/www.transport-louiscyr.com\/wp-content\/uploads\/2019\/09\/question-img.jpg\" \/>\n<meta name=\"twitter:card\" content=\"summary_large_image\" \/>\n<meta name=\"twitter:label1\" content=\"Dur\u00e9e de lecture estim\u00e9e\" \/>\n\t<meta name=\"twitter:data1\" content=\"5 minutes\" \/>\n<script type=\"application\/ld+json\" class=\"yoast-schema-graph\">{\"@context\":\"https:\/\/schema.org\",\"@graph\":[{\"@type\":\"WebPage\",\"@id\":\"https:\/\/www.transport-louiscyr.com\/fr\/livraison\/\",\"url\":\"https:\/\/www.transport-louiscyr.com\/fr\/livraison\/\",\"name\":\"Transport Louis Cyr | Service de livraison \u00e0 Joliette\",\"isPartOf\":{\"@id\":\"https:\/\/www.transport-louiscyr.com\/fr\/#website\"},\"primaryImageOfPage\":{\"@id\":\"https:\/\/www.transport-louiscyr.com\/fr\/livraison\/#primaryimage\"},\"image\":{\"@id\":\"https:\/\/www.transport-louiscyr.com\/fr\/livraison\/#primaryimage\"},\"thumbnailUrl\":\"https:\/\/www.transport-louiscyr.com\/wp-content\/uploads\/2019\/09\/question-img.jpg\",\"datePublished\":\"2019-09-30T13:23:35+00:00\",\"dateModified\":\"2020-04-29T14:11:03+00:00\",\"description\":\"Transport Louis Cyr | Pour toutes vos livraisons, profitez de notre service exceptionnel et de nos experts dans la r\u00e9gion de Joliette et autour\",\"breadcrumb\":{\"@id\":\"https:\/\/www.transport-louiscyr.com\/fr\/livraison\/#breadcrumb\"},\"inLanguage\":\"fr-FR\",\"potentialAction\":[{\"@type\":\"ReadAction\",\"target\":[\"https:\/\/www.transport-louiscyr.com\/fr\/livraison\/\"]}]},{\"@type\":\"ImageObject\",\"inLanguage\":\"fr-FR\",\"@id\":\"https:\/\/www.transport-louiscyr.com\/fr\/livraison\/#primaryimage\",\"url\":\"https:\/\/www.transport-louiscyr.com\/wp-content\/uploads\/2019\/09\/question-img.jpg\",\"contentUrl\":\"https:\/\/www.transport-louiscyr.com\/wp-content\/uploads\/2019\/09\/question-img.jpg\"},{\"@type\":\"BreadcrumbList\",\"@id\":\"https:\/\/www.transport-louiscyr.com\/fr\/livraison\/#breadcrumb\",\"itemListElement\":[{\"@type\":\"ListItem\",\"position\":1,\"name\":\"Home\",\"item\":\"https:\/\/www.transport-louiscyr.com\/fr\/\"},{\"@type\":\"ListItem\",\"position\":2,\"name\":\"Livraison\"}]},{\"@type\":\"WebSite\",\"@id\":\"https:\/\/www.transport-louiscyr.com\/fr\/#website\",\"url\":\"https:\/\/www.transport-louiscyr.com\/fr\/\",\"name\":\"Transport Louis Cyr\",\"description\":\"\",\"publisher\":{\"@id\":\"https:\/\/www.transport-louiscyr.com\/fr\/#organization\"},\"potentialAction\":[{\"@type\":\"SearchAction\",\"target\":{\"@type\":\"EntryPoint\",\"urlTemplate\":\"https:\/\/www.transport-louiscyr.com\/fr\/?s={search_term_string}\"},\"query-input\":{\"@type\":\"PropertyValueSpecification\",\"valueRequired\":true,\"valueName\":\"search_term_string\"}}],\"inLanguage\":\"fr-FR\"},{\"@type\":\"Organization\",\"@id\":\"https:\/\/www.transport-louiscyr.com\/fr\/#organization\",\"name\":\"Transport Louis Cyr\",\"url\":\"https:\/\/www.transport-louiscyr.com\/fr\/\",\"logo\":{\"@type\":\"ImageObject\",\"inLanguage\":\"fr-FR\",\"@id\":\"https:\/\/www.transport-louiscyr.com\/fr\/#\/schema\/logo\/image\/\",\"url\":\"https:\/\/www.transport-louiscyr.com\/wp-content\/uploads\/2019\/09\/logo.jpg\",\"contentUrl\":\"https:\/\/www.transport-louiscyr.com\/wp-content\/uploads\/2019\/09\/logo.jpg\",\"width\":381,\"height\":188,\"caption\":\"Transport Louis Cyr\"},\"image\":{\"@id\":\"https:\/\/www.transport-louiscyr.com\/fr\/#\/schema\/logo\/image\/\"}}]}<\/script>\n<!-- \/ Yoast SEO plugin. -->","yoast_head_json":{"title":"Transport Louis Cyr | Service de livraison \u00e0 Joliette","description":"Transport Louis Cyr | Pour toutes vos livraisons, profitez de notre service exceptionnel et de nos experts dans la r\u00e9gion de Joliette et autour","robots":{"index":"index","follow":"follow","max-snippet":"max-snippet:-1","max-image-preview":"max-image-preview:large","max-video-preview":"max-video-preview:-1"},"canonical":"https:\/\/www.transport-louiscyr.com\/fr\/livraison\/","og_locale":"fr_FR","og_type":"article","og_title":"Transport Louis Cyr | Service de livraison \u00e0 Joliette","og_description":"Transport Louis Cyr | Pour toutes vos livraisons, profitez de notre service exceptionnel et de nos experts dans la r\u00e9gion de Joliette et autour","og_url":"https:\/\/www.transport-louiscyr.com\/fr\/livraison\/","og_site_name":"Transport Louis Cyr","article_modified_time":"2020-04-29T14:11:03+00:00","og_image":[{"url":"https:\/\/www.transport-louiscyr.com\/wp-content\/uploads\/2019\/09\/question-img.jpg","type":"","width":"","height":""}],"twitter_card":"summary_large_image","twitter_misc":{"Dur\u00e9e de lecture estim\u00e9e":"5 minutes"},"schema":{"@context":"https:\/\/schema.org","@graph":[{"@type":"WebPage","@id":"https:\/\/www.transport-louiscyr.com\/fr\/livraison\/","url":"https:\/\/www.transport-louiscyr.com\/fr\/livraison\/","name":"Transport Louis Cyr | Service de livraison \u00e0 Joliette","isPartOf":{"@id":"https:\/\/www.transport-louiscyr.com\/fr\/#website"},"primaryImageOfPage":{"@id":"https:\/\/www.transport-louiscyr.com\/fr\/livraison\/#primaryimage"},"image":{"@id":"https:\/\/www.transport-louiscyr.com\/fr\/livraison\/#primaryimage"},"thumbnailUrl":"https:\/\/www.transport-louiscyr.com\/wp-content\/uploads\/2019\/09\/question-img.jpg","datePublished":"2019-09-30T13:23:35+00:00","dateModified":"2020-04-29T14:11:03+00:00","description":"Transport Louis Cyr | Pour toutes vos livraisons, profitez de notre service exceptionnel et de nos experts dans la r\u00e9gion de Joliette et autour","breadcrumb":{"@id":"https:\/\/www.transport-louiscyr.com\/fr\/livraison\/#breadcrumb"},"inLanguage":"fr-FR","potentialAction":[{"@type":"ReadAction","target":["https:\/\/www.transport-louiscyr.com\/fr\/livraison\/"]}]},{"@type":"ImageObject","inLanguage":"fr-FR","@id":"https:\/\/www.transport-louiscyr.com\/fr\/livraison\/#primaryimage","url":"https:\/\/www.transport-louiscyr.com\/wp-content\/uploads\/2019\/09\/question-img.jpg","contentUrl":"https:\/\/www.transport-louiscyr.com\/wp-content\/uploads\/2019\/09\/question-img.jpg"},{"@type":"BreadcrumbList","@id":"https:\/\/www.transport-louiscyr.com\/fr\/livraison\/#breadcrumb","itemListElement":[{"@type":"ListItem","position":1,"name":"Home","item":"https:\/\/www.transport-louiscyr.com\/fr\/"},{"@type":"ListItem","position":2,"name":"Livraison"}]},{"@type":"WebSite","@id":"https:\/\/www.transport-louiscyr.com\/fr\/#website","url":"https:\/\/www.transport-louiscyr.com\/fr\/","name":"Transport Louis Cyr","description":"","publisher":{"@id":"https:\/\/www.transport-louiscyr.com\/fr\/#organization"},"potentialAction":[{"@type":"SearchAction","target":{"@type":"EntryPoint","urlTemplate":"https:\/\/www.transport-louiscyr.com\/fr\/?s={search_term_string}"},"query-input":{"@type":"PropertyValueSpecification","valueRequired":true,"valueName":"search_term_string"}}],"inLanguage":"fr-FR"},{"@type":"Organization","@id":"https:\/\/www.transport-louiscyr.com\/fr\/#organization","name":"Transport Louis Cyr","url":"https:\/\/www.transport-louiscyr.com\/fr\/","logo":{"@type":"ImageObject","inLanguage":"fr-FR","@id":"https:\/\/www.transport-louiscyr.com\/fr\/#\/schema\/logo\/image\/","url":"https:\/\/www.transport-louiscyr.com\/wp-content\/uploads\/2019\/09\/logo.jpg","contentUrl":"https:\/\/www.transport-louiscyr.com\/wp-content\/uploads\/2019\/09\/logo.jpg","width":381,"height":188,"caption":"Transport Louis Cyr"},"image":{"@id":"https:\/\/www.transport-louiscyr.com\/fr\/#\/schema\/logo\/image\/"}}]}},"_links":{"self":[{"href":"https:\/\/www.transport-louiscyr.com\/fr\/wp-json\/wp\/v2\/pages\/11","targetHints":{"allow":["GET"]}}],"collection":[{"href":"https:\/\/www.transport-louiscyr.com\/fr\/wp-json\/wp\/v2\/pages"}],"about":[{"href":"https:\/\/www.transport-louiscyr.com\/fr\/wp-json\/wp\/v2\/types\/page"}],"author":[{"embeddable":true,"href":"https:\/\/www.transport-louiscyr.com\/fr\/wp-json\/wp\/v2\/users\/1"}],"replies":[{"embeddable":true,"href":"https:\/\/www.transport-louiscyr.com\/fr\/wp-json\/wp\/v2\/comments?post=11"}],"version-history":[{"count":9,"href":"https:\/\/www.transport-louiscyr.com\/fr\/wp-json\/wp\/v2\/pages\/11\/revisions"}],"predecessor-version":[{"id":152,"href":"https:\/\/www.transport-louiscyr.com\/fr\/wp-json\/wp\/v2\/pages\/11\/revisions\/152"}],"wp:attachment":[{"href":"https:\/\/www.transport-louiscyr.com\/fr\/wp-json\/wp\/v2\/media?parent=11"}],"curies":[{"name":"wp","href":"https:\/\/api.w.org\/{rel}","templated":true}]}}